{"id":16680,"date":"2021-02-07T12:32:20","date_gmt":"2021-02-07T11:32:20","guid":{"rendered":"https:\/\/carryvandelft.nl\/?page_id=16680"},"modified":"2026-02-22T12:01:19","modified_gmt":"2026-02-22T11:01:19","slug":"florales","status":"publish","type":"page","link":"https:\/\/carryvandelft.nl\/fr\/florales\/","title":{"rendered":"Florales"},"content":{"rendered":"<h2>Abstraites floraux color\u00e9es<\/h2>\n<p>La puissance des fleurs color\u00e9es dans l&rsquo;abstraction. Projet\u00e9es individuellement ou en groupe dans un cadre atmosph\u00e9rique. Dans les deux cas, l&rsquo;accent est mis sur l&rsquo;essence, l&rsquo;atmosph\u00e8re, la beaut\u00e9 ou la signification symbolique des fleurs, laissant ainsi au spectateur la libert\u00e9 de leur attribuer une signification personnelle.<\/p>\n","protected":false},"excerpt":{"rendered":"<p>Abstraites floraux color\u00e9es La puissance des fleurs color\u00e9es dans l&rsquo;abstraction. Projet\u00e9es individuellement ou en groupe dans un cadre atmosph\u00e9rique. Dans les deux cas, l&rsquo;accent est mis sur l&rsquo;essence, l&rsquo;atmosph\u00e8re, la beaut\u00e9 ou la signification symbolique des fleurs, laissant ainsi au spectateur la libert\u00e9 de leur attribuer une signification personnelle.<\/p>\n","protected":false},"author":2,"featured_media":26882,"parent":0,"menu_order":0,"comment_status":"closed","ping_status":"closed","template":"","meta":{"_acf_changed":false,"site-sidebar-layout":"default","site-content-layout":"default","ast-site-content-layout":"default","site-content-style":"default","site-sidebar-style":"default","ast-global-header-display":"","ast-banner-title-visibility":"","ast-main-header-display":"disabled","ast-hfb-above-header-display":"","ast-hfb-below-header-display":"","ast-hfb-mobile-header-display":"","site-post-title":"disabled","ast-breadcrumbs-content":"","ast-featured-img":"","footer-sml-layout":"","ast-disable-related-posts":"","theme-transparent-header-meta":"default","adv-header-id-meta":"","stick-header-meta":"","header-above-stick-meta":"","header-main-stick-meta":"","header-below-stick-meta":"","astra-migrate-meta-layouts":"set","ast-page-background-enabled":"default","ast-page-background-meta":{"desktop":{"background-color":"","background-image":"","background-repeat":"repeat","background-position":"center center","background-size":"auto","background-attachment":"scroll","background-type":"","background-media":"","overlay-type":"","overlay-color":"","overlay-opacity":"","overlay-gradient":""},"tablet":{"background-color":"","background-image":"","background-repeat":"repeat","background-position":"center center","background-size":"auto","background-attachment":"scroll","background-type":"","background-media":"","overlay-type":"","overlay-color":"","overlay-opacity":"","overlay-gradient":""},"mobile":{"background-color":"","background-image":"","background-repeat":"repeat","background-position":"center center","background-size":"auto","background-attachment":"scroll","background-type":"","background-media":"","overlay-type":"","overlay-color":"","overlay-opacity":"","overlay-gradient":""}},"ast-content-background-meta":{"desktop":{"background-color":"var(--ast-global-color-5)","background-image":"","background-repeat":"repeat","background-position":"center center","background-size":"auto","background-attachment":"scroll","background-type":"","background-media":"","overlay-type":"","overlay-color":"","overlay-opacity":"","overlay-gradient":""},"tablet":{"background-color":"var(--ast-global-color-5)","background-image":"","background-repeat":"repeat","background-position":"center center","background-size":"auto","background-attachment":"scroll","background-type":"","background-media":"","overlay-type":"","overlay-color":"","overlay-opacity":"","overlay-gradient":""},"mobile":{"background-color":"var(--ast-global-color-5)","background-image":"","background-repeat":"repeat","background-position":"center center","background-size":"auto","background-attachment":"scroll","background-type":"","background-media":"","overlay-type":"","overlay-color":"","overlay-opacity":"","overlay-gradient":""}},"footnotes":""},"class_list":["post-16680","page","type-page","status-publish","has-post-thumbnail","hentry"],"acf":[],"aioseo_notices":[],"_links":{"self":[{"href":"https:\/\/carryvandelft.nl\/fr\/wp-json\/wp\/v2\/pages\/16680","targetHints":{"allow":["GET"]}}],"collection":[{"href":"https:\/\/carryvandelft.nl\/fr\/wp-json\/wp\/v2\/pages"}],"about":[{"href":"https:\/\/carryvandelft.nl\/fr\/wp-json\/wp\/v2\/types\/page"}],"author":[{"embeddable":true,"href":"https:\/\/carryvandelft.nl\/fr\/wp-json\/wp\/v2\/users\/2"}],"replies":[{"embeddable":true,"href":"https:\/\/carryvandelft.nl\/fr\/wp-json\/wp\/v2\/comments?post=16680"}],"version-history":[{"count":14,"href":"https:\/\/carryvandelft.nl\/fr\/wp-json\/wp\/v2\/pages\/16680\/revisions"}],"predecessor-version":[{"id":29724,"href":"https:\/\/carryvandelft.nl\/fr\/wp-json\/wp\/v2\/pages\/16680\/revisions\/29724"}],"wp:featuredmedia":[{"embeddable":true,"href":"https:\/\/carryvandelft.nl\/fr\/wp-json\/wp\/v2\/media\/26882"}],"wp:attachment":[{"href":"https:\/\/carryvandelft.nl\/fr\/wp-json\/wp\/v2\/media?parent=16680"}],"curies":[{"name":"wp","href":"https:\/\/api.w.org\/{rel}","templated":true}]}}