{"id":16689,"date":"2021-02-07T14:49:17","date_gmt":"2021-02-07T13:49:17","guid":{"rendered":"https:\/\/carryvandelft.nl\/?page_id=16689"},"modified":"2026-01-19T18:40:40","modified_gmt":"2026-01-19T17:40:40","slug":"cote-et-mer-sauvages","status":"publish","type":"page","link":"https:\/\/carryvandelft.nl\/fr\/cote-et-mer-sauvages\/","title":{"rendered":"C\u00f4te et Mer Sauvages"},"content":{"rendered":"<h2>C\u00f4te et Mer (Sauvages)<\/h2>\n<p>Les paysages marins sont peints et affich\u00e9s dans des conditions m\u00e9t\u00e9orologiques variables. Temp\u00eates, grosses vagues et ciel mena\u00e7ant. Le vent et l\u2019eau d\u00e9montrent ici de nombreuses facettes de l\u2019oc\u00e9an et de la c\u00f4te mais aussi la m\u00eame mer grise et calme \u00e0 d\u2019autres moments de la journ\u00e9e.<\/p>\n","protected":false},"excerpt":{"rendered":"<p>C\u00f4te et Mer (Sauvages) Les paysages marins sont peints et affich\u00e9s dans des conditions m\u00e9t\u00e9orologiques variables. Temp\u00eates, grosses vagues et ciel mena\u00e7ant. Le vent et l\u2019eau d\u00e9montrent ici de nombreuses facettes de l\u2019oc\u00e9an et de la c\u00f4te mais aussi la m\u00eame mer grise et calme \u00e0 d\u2019autres moments de la journ\u00e9e.<\/p>\n","protected":false},"author":2,"featured_media":14398,"parent":0,"menu_order":0,"comment_status":"closed","ping_status":"closed","template":"","meta":{"_acf_changed":false,"site-sidebar-layout":"default","site-content-layout":"default","ast-site-content-layout":"default","site-content-style":"default","site-sidebar-style":"default","ast-global-header-display":"","ast-banner-title-visibility":"","ast-main-header-display":"disabled","ast-hfb-above-header-display":"","ast-hfb-below-header-display":"","ast-hfb-mobile-header-display":"","site-post-title":"disabled","ast-breadcrumbs-content":"","ast-featured-img":"","footer-sml-layout":"","ast-disable-related-posts":"","theme-transparent-header-meta":"default","adv-header-id-meta":"","stick-header-meta":"","header-above-stick-meta":"","header-main-stick-meta":"","header-below-stick-meta":"","astra-migrate-meta-layouts":"set","ast-page-background-enabled":"default","ast-page-background-meta":{"desktop":{"background-color":"","background-image":"","background-repeat":"repeat","background-position":"center center","background-size":"auto","background-attachment":"scroll","background-type":"","background-media":"","overlay-type":"","overlay-color":"","overlay-opacity":"","overlay-gradient":""},"tablet":{"background-color":"","background-image":"","background-repeat":"repeat","background-position":"center center","background-size":"auto","background-attachment":"scroll","background-type":"","background-media":"","overlay-type":"","overlay-color":"","overlay-opacity":"","overlay-gradient":""},"mobile":{"background-color":"","background-image":"","background-repeat":"repeat","background-position":"center center","background-size":"auto","background-attachment":"scroll","background-type":"","background-media":"","overlay-type":"","overlay-color":"","overlay-opacity":"","overlay-gradient":""}},"ast-content-background-meta":{"desktop":{"background-color":"var(--ast-global-color-5)","background-image":"","background-repeat":"repeat","background-position":"center center","background-size":"auto","background-attachment":"scroll","background-type":"","background-media":"","overlay-type":"","overlay-color":"","overlay-opacity":"","overlay-gradient":""},"tablet":{"background-color":"var(--ast-global-color-5)","background-image":"","background-repeat":"repeat","background-position":"center center","background-size":"auto","background-attachment":"scroll","background-type":"","background-media":"","overlay-type":"","overlay-color":"","overlay-opacity":"","overlay-gradient":""},"mobile":{"background-color":"var(--ast-global-color-5)","background-image":"","background-repeat":"repeat","background-position":"center center","background-size":"auto","background-attachment":"scroll","background-type":"","background-media":"","overlay-type":"","overlay-color":"","overlay-opacity":"","overlay-gradient":""}},"footnotes":""},"class_list":["post-16689","page","type-page","status-publish","has-post-thumbnail","hentry"],"acf":[],"aioseo_notices":[],"_links":{"self":[{"href":"https:\/\/carryvandelft.nl\/fr\/wp-json\/wp\/v2\/pages\/16689","targetHints":{"allow":["GET"]}}],"collection":[{"href":"https:\/\/carryvandelft.nl\/fr\/wp-json\/wp\/v2\/pages"}],"about":[{"href":"https:\/\/carryvandelft.nl\/fr\/wp-json\/wp\/v2\/types\/page"}],"author":[{"embeddable":true,"href":"https:\/\/carryvandelft.nl\/fr\/wp-json\/wp\/v2\/users\/2"}],"replies":[{"embeddable":true,"href":"https:\/\/carryvandelft.nl\/fr\/wp-json\/wp\/v2\/comments?post=16689"}],"version-history":[{"count":4,"href":"https:\/\/carryvandelft.nl\/fr\/wp-json\/wp\/v2\/pages\/16689\/revisions"}],"predecessor-version":[{"id":29382,"href":"https:\/\/carryvandelft.nl\/fr\/wp-json\/wp\/v2\/pages\/16689\/revisions\/29382"}],"wp:featuredmedia":[{"embeddable":true,"href":"https:\/\/carryvandelft.nl\/fr\/wp-json\/wp\/v2\/media\/14398"}],"wp:attachment":[{"href":"https:\/\/carryvandelft.nl\/fr\/wp-json\/wp\/v2\/media?parent=16689"}],"curies":[{"name":"wp","href":"https:\/\/api.w.org\/{rel}","templated":true}]}}