{"id":18328,"date":"2021-06-19T15:36:04","date_gmt":"2021-06-19T14:36:04","guid":{"rendered":"https:\/\/carryvandelft.nl\/?page_id=18328"},"modified":"2026-03-13T14:11:42","modified_gmt":"2026-03-13T13:11:42","slug":"viewing-room","status":"publish","type":"page","link":"https:\/\/carryvandelft.nl\/fr\/viewing-room\/","title":{"rendered":"Viewing room"},"content":{"rendered":"<h2>Une impression d&rsquo;\u0153uvres \u00e0 l&rsquo;int\u00e9rieur<\/h2>\n<p>Une bonne impression de la fa\u00e7on dont l&rsquo;art peut transformer un espace, cr\u00e9er une ambiance, ou refl\u00e9ter un style personnel dans une atmosph\u00e8re calme, \u00e9nergique ou sereine.<\/p>\n<p>Les prix commencent \u00e0 environ \u20ac 450,-\u00a0 jusqu&rsquo;\u00e0\u00a0 \u20ac 2000,-(100 x 100 cm) avec toutes les tailles interm\u00e9diaires. Une \u0153uvre tr\u00e8s grand format p.e. 130 x 110 cm rend tr\u00e8s bien dans une grande salle ou une espace de bureau. Prix sur demande. PS : Une miniature encadr\u00e9e (20 x 20 cm), id\u00e9ale comme cadeau, co\u00fbte 140 \u20ac, frais de port inclus. (uniquement en Europe).<\/p>\n","protected":false},"excerpt":{"rendered":"<p>Une impression d&rsquo;\u0153uvres \u00e0 l&rsquo;int\u00e9rieur Une bonne impression de la fa\u00e7on dont l&rsquo;art peut transformer un espace, cr\u00e9er une ambiance, ou refl\u00e9ter un style personnel dans une atmosph\u00e8re calme, \u00e9nergique ou sereine. Les prix commencent \u00e0 environ \u20ac 450,-\u00a0 jusqu&rsquo;\u00e0\u00a0 \u20ac 2000,-(100 x 100 cm) avec toutes les tailles interm\u00e9diaires. Une \u0153uvre tr\u00e8s grand format [&hellip;]<\/p>\n","protected":false},"author":2,"featured_media":0,"parent":0,"menu_order":0,"comment_status":"closed","ping_status":"closed","template":"","meta":{"_acf_changed":false,"site-sidebar-layout":"default","site-content-layout":"default","ast-site-content-layout":"default","site-content-style":"default","site-sidebar-style":"default","ast-global-header-display":"","ast-banner-title-visibility":"","ast-main-header-display":"disabled","ast-hfb-above-header-display":"","ast-hfb-below-header-display":"","ast-hfb-mobile-header-display":"","site-post-title":"disabled","ast-breadcrumbs-content":"","ast-featured-img":"","footer-sml-layout":"","ast-disable-related-posts":"","theme-transparent-header-meta":"default","adv-header-id-meta":"","stick-header-meta":"","header-above-stick-meta":"","header-main-stick-meta":"","header-below-stick-meta":"","astra-migrate-meta-layouts":"set","ast-page-background-enabled":"default","ast-page-background-meta":{"desktop":{"background-color":"","background-image":"","background-repeat":"repeat","background-position":"center center","background-size":"auto","background-attachment":"scroll","background-type":"","background-media":"","overlay-type":"","overlay-color":"","overlay-opacity":"","overlay-gradient":""},"tablet":{"background-color":"","background-image":"","background-repeat":"repeat","background-position":"center center","background-size":"auto","background-attachment":"scroll","background-type":"","background-media":"","overlay-type":"","overlay-color":"","overlay-opacity":"","overlay-gradient":""},"mobile":{"background-color":"","background-image":"","background-repeat":"repeat","background-position":"center center","background-size":"auto","background-attachment":"scroll","background-type":"","background-media":"","overlay-type":"","overlay-color":"","overlay-opacity":"","overlay-gradient":""}},"ast-content-background-meta":{"desktop":{"background-color":"var(--ast-global-color-5)","background-image":"","background-repeat":"repeat","background-position":"center center","background-size":"auto","background-attachment":"scroll","background-type":"","background-media":"","overlay-type":"","overlay-color":"","overlay-opacity":"","overlay-gradient":""},"tablet":{"background-color":"var(--ast-global-color-5)","background-image":"","background-repeat":"repeat","background-position":"center center","background-size":"auto","background-attachment":"scroll","background-type":"","background-media":"","overlay-type":"","overlay-color":"","overlay-opacity":"","overlay-gradient":""},"mobile":{"background-color":"var(--ast-global-color-5)","background-image":"","background-repeat":"repeat","background-position":"center center","background-size":"auto","background-attachment":"scroll","background-type":"","background-media":"","overlay-type":"","overlay-color":"","overlay-opacity":"","overlay-gradient":""}},"footnotes":""},"class_list":["post-18328","page","type-page","status-publish","hentry"],"acf":[],"aioseo_notices":[],"_links":{"self":[{"href":"https:\/\/carryvandelft.nl\/fr\/wp-json\/wp\/v2\/pages\/18328","targetHints":{"allow":["GET"]}}],"collection":[{"href":"https:\/\/carryvandelft.nl\/fr\/wp-json\/wp\/v2\/pages"}],"about":[{"href":"https:\/\/carryvandelft.nl\/fr\/wp-json\/wp\/v2\/types\/page"}],"author":[{"embeddable":true,"href":"https:\/\/carryvandelft.nl\/fr\/wp-json\/wp\/v2\/users\/2"}],"replies":[{"embeddable":true,"href":"https:\/\/carryvandelft.nl\/fr\/wp-json\/wp\/v2\/comments?post=18328"}],"version-history":[{"count":22,"href":"https:\/\/carryvandelft.nl\/fr\/wp-json\/wp\/v2\/pages\/18328\/revisions"}],"predecessor-version":[{"id":29993,"href":"https:\/\/carryvandelft.nl\/fr\/wp-json\/wp\/v2\/pages\/18328\/revisions\/29993"}],"wp:attachment":[{"href":"https:\/\/carryvandelft.nl\/fr\/wp-json\/wp\/v2\/media?parent=18328"}],"curies":[{"name":"wp","href":"https:\/\/api.w.org\/{rel}","templated":true}]}}