{"id":196,"date":"2013-01-19T17:15:37","date_gmt":"2013-01-19T16:15:37","guid":{"rendered":"https:\/\/develop.kleurpunt.nl\/carry\/?page_id=196"},"modified":"2026-04-14T11:47:17","modified_gmt":"2026-04-14T10:47:17","slug":"contact","status":"publish","type":"page","link":"https:\/\/carryvandelft.nl\/fr\/contact\/","title":{"rendered":"Contact | Achat"},"content":{"rendered":"\r\n<h2 id=\"contact-afbeelding\"><span style=\"color: #d1ae78;\">Ateliers<\/span><br \/><img loading=\"lazy\" decoding=\"async\" class=\"alignright\" src=\"https:\/\/carryvandelft.nl\/wp-content\/uploads\/2013\/01\/atelierfoto-voor-website-600.jpg\" alt=\"\" width=\"162\" height=\"140\" \/><\/h2>\r\n<p><span style=\"color: #d1ae78;\">Pays Bas (principal)<\/span><br \/>Carry van Delft<br \/>Leidschendam, Pays Bas<br \/>Visite de l\u2019atelier sur rendez-vous.\u00a0<br \/>Contact par courriel : carryvandelft@planet.nl\u00a0<\/p>\r\n<p><span style=\"color: #d1ae78;\">France<\/span><br \/>Atelier\u00a0 \u00ab\u00a0Les Violettes\u00a0\u00bb<br \/>23600 Creuse, Nouzerines, France.<\/p>\r\n<h2><span style=\"color: #d1ae78;\">Achat<\/span><\/h2>\r\n<p><span class=\"jCAhz ChMk0b\"><span class=\"ryNqvb\">Pour toute information concernant les \u0153uvres, veuillez nous contacter \u00e0 l&rsquo;adresse \u00e9lectronique ci-dessus. Toutes les toiles (acryliques) sont peintes sur lin ou toile de haute qualit\u00e9, pr\u00eates \u00e0 \u00eatre accroch\u00e9es et vendues encadr\u00e9es (noir ou gris). Un certificat d&rsquo;authenticit\u00e9 est inclus.\u00a0<\/span><\/span><span class=\"jCAhz ChMk0b\"><span class=\"ryNqvb\">Dans notre \u00ab Salle de visionnage &#8211;\u00a0 Viewing Room \u00bb, vous trouverez des informations compl\u00e9mentaires sur les prix et pourrez visualiser les \u0153uvres du travail r\u00e9alis\u00e9 en int\u00e9rieur.<span class=\"HwtZe\" lang=\"fr\">\u00a0<\/span><\/span><\/span><\/p>\r\n<h2><span style=\"color: #d1ae78;\">Liens &#8211; repr\u00e9sentation<\/span><\/h2>\r\n<ul>\r\n<li><a href=\"https:\/\/www.artleader.com\/kunstenaar\/carry-van-delft\/\">Artleader<\/a>.\u00a0 <span style=\"color: #d1ae78;\">Online Galerie de Ventes<\/span><\/li>\r\n<li><a href=\"https:\/\/www.artmajeur.com\/carry-van-delft\/nl\">Art Majeur<\/a>\u00a0 \u00a0<span style=\"color: #d1ae78;\">livraison incl.<\/span><\/li>\r\n<li><a href=\"https:\/\/www.saatchiart.com\/carryvandelft\">Saatchi Art<\/a>.<span style=\"color: #d1ae78;\">\u00a0 livraison incl.<\/span><\/li>\r\n<li><a href=\"https:\/\/www.kunstinzicht.nl\/kunst\/adres\/3847\/carry-van-delft.html\">Kunstinzicht<\/a><\/li>\r\n<li><a href=\"https:\/\/research.rkd.nl\/nl\/detail\/https%3A%2f%2fdata.rkd.nl%2fartists%2f500964\"><span style=\"color: #d1ae78;\">RKD<\/span><\/a><span class=\"VIiyi\" lang=\"fr\"><span class=\"JLqJ4b ChMk0b\" data-language-for-alternatives=\"fr\" data-language-to-translate-into=\"nl\" data-phrase-index=\"0\" data-number-of-phrases=\"1\">\u00a0<\/span><\/span><a href=\"https:\/\/rkd.nl\/nl\/explore\/artists\/Delft%2C%20Carry%20van\"><span class=\"VIiyi\" lang=\"fr\"><span class=\"JLqJ4b ChMk0b\" data-language-for-alternatives=\"fr\" data-language-to-translate-into=\"nl\" data-phrase-index=\"0\" data-number-of-phrases=\"1\">registr\u00e9 a l\u2019Institut n\u00e9erlandais d\u2019histoire de l\u2019art\u00a0<\/span><\/span><\/a><span class=\"VIiyi\" lang=\"fr\"><span class=\"JLqJ4b ChMk0b\" data-language-for-alternatives=\"fr\" data-language-to-translate-into=\"nl\" data-phrase-index=\"0\"><br \/><\/span><\/span><\/li>\r\n<li><a href=\"https:\/\/www.mad-art.eu\/nl\">(ancien) Mad Art Gallery (Belgique)<\/a><\/li>\r\n<li><span style=\"color: #d1ae78;\">Business Art Service (louer)<\/span><\/li>\r\n<li><span style=\"color: #d1ae78;\">(ancien) La Galerie Boussac (France)\u00a0<\/span><\/li>\r\n<li><span style=\"color: #d1ae78;\">LinkedIn \u2013 Instagram \u2013 Facebook (voir barre ci-dessous)<\/span><\/li>\r\n<\/ul>\r\n<h2><span style=\"color: #d1ae78;\">Copyright<\/span><\/h2>\r\n<p>Toutes les images, textes et fichiers de ce site sont prot\u00e9g\u00e9s par copyright. Rien ne peut \u00eatre copi\u00e9, reproduit ou diffus\u00e9 sans l&rsquo;autorisation \u00e9crite pr\u00e9alable de l&rsquo;artiste.\u00a0<\/p>\r\n","protected":false},"excerpt":{"rendered":"<p>Ateliers Pays Bas (principal)Carry van DelftLeidschendam, Pays BasVisite de l\u2019atelier sur rendez-vous.\u00a0Contact par courriel : carryvandelft@planet.nl\u00a0 FranceAtelier\u00a0 \u00ab\u00a0Les Violettes\u00a0\u00bb23600 Creuse, Nouzerines, France. Achat Pour toute information concernant les \u0153uvres, veuillez nous contacter \u00e0 l&rsquo;adresse \u00e9lectronique ci-dessus. Toutes les toiles (acryliques) sont peintes sur lin ou toile de haute qualit\u00e9, pr\u00eates \u00e0 \u00eatre accroch\u00e9es et vendues [&hellip;]<\/p>\n","protected":false},"author":2,"featured_media":0,"parent":0,"menu_order":0,"comment_status":"closed","ping_status":"closed","template":"","meta":{"_acf_changed":false,"site-sidebar-layout":"no-sidebar","site-content-layout":"page-builder","ast-site-content-layout":"full-width-container","site-content-style":"unboxed","site-sidebar-style":"unboxed","ast-global-header-display":"","ast-banner-title-visibility":"","ast-main-header-display":"disabled","ast-hfb-above-header-display":"","ast-hfb-below-header-display":"","ast-hfb-mobile-header-display":"","site-post-title":"disabled","ast-breadcrumbs-content":"","ast-featured-img":"disabled","footer-sml-layout":"","ast-disable-related-posts":"","theme-transparent-header-meta":"default","adv-header-id-meta":"","stick-header-meta":"","header-above-stick-meta":"","header-main-stick-meta":"","header-below-stick-meta":"","astra-migrate-meta-layouts":"set","ast-page-background-enabled":"default","ast-page-background-meta":{"desktop":{"background-color":"","background-image":"","background-repeat":"repeat","background-position":"center center","background-size":"auto","background-attachment":"scroll","background-type":"","background-media":"","overlay-type":"","overlay-color":"","overlay-opacity":"","overlay-gradient":""},"tablet":{"background-color":"","background-image":"","background-repeat":"repeat","background-position":"center center","background-size":"auto","background-attachment":"scroll","background-type":"","background-media":"","overlay-type":"","overlay-color":"","overlay-opacity":"","overlay-gradient":""},"mobile":{"background-color":"","background-image":"","background-repeat":"repeat","background-position":"center center","background-size":"auto","background-attachment":"scroll","background-type":"","background-media":"","overlay-type":"","overlay-color":"","overlay-opacity":"","overlay-gradient":""}},"ast-content-background-meta":{"desktop":{"background-color":"var(--ast-global-color-5)","background-image":"","background-repeat":"repeat","background-position":"center center","background-size":"auto","background-attachment":"scroll","background-type":"","background-media":"","overlay-type":"","overlay-color":"","overlay-opacity":"","overlay-gradient":""},"tablet":{"background-color":"var(--ast-global-color-5)","background-image":"","background-repeat":"repeat","background-position":"center center","background-size":"auto","background-attachment":"scroll","background-type":"","background-media":"","overlay-type":"","overlay-color":"","overlay-opacity":"","overlay-gradient":""},"mobile":{"background-color":"var(--ast-global-color-5)","background-image":"","background-repeat":"repeat","background-position":"center center","background-size":"auto","background-attachment":"scroll","background-type":"","background-media":"","overlay-type":"","overlay-color":"","overlay-opacity":"","overlay-gradient":""}},"footnotes":""},"class_list":["post-196","page","type-page","status-publish","hentry"],"acf":[],"aioseo_notices":[],"_links":{"self":[{"href":"https:\/\/carryvandelft.nl\/fr\/wp-json\/wp\/v2\/pages\/196","targetHints":{"allow":["GET"]}}],"collection":[{"href":"https:\/\/carryvandelft.nl\/fr\/wp-json\/wp\/v2\/pages"}],"about":[{"href":"https:\/\/carryvandelft.nl\/fr\/wp-json\/wp\/v2\/types\/page"}],"author":[{"embeddable":true,"href":"https:\/\/carryvandelft.nl\/fr\/wp-json\/wp\/v2\/users\/2"}],"replies":[{"embeddable":true,"href":"https:\/\/carryvandelft.nl\/fr\/wp-json\/wp\/v2\/comments?post=196"}],"version-history":[{"count":123,"href":"https:\/\/carryvandelft.nl\/fr\/wp-json\/wp\/v2\/pages\/196\/revisions"}],"predecessor-version":[{"id":30101,"href":"https:\/\/carryvandelft.nl\/fr\/wp-json\/wp\/v2\/pages\/196\/revisions\/30101"}],"wp:attachment":[{"href":"https:\/\/carryvandelft.nl\/fr\/wp-json\/wp\/v2\/media?parent=196"}],"curies":[{"name":"wp","href":"https:\/\/api.w.org\/{rel}","templated":true}]}}