{"id":3662,"date":"2014-01-18T12:02:43","date_gmt":"2014-01-18T11:02:43","guid":{"rendered":"https:\/\/develop.kleurpunt.nl\/carry\/?page_id=3662"},"modified":"2026-04-16T17:05:04","modified_gmt":"2026-04-16T16:05:04","slug":"a-propos","status":"publish","type":"page","link":"https:\/\/carryvandelft.nl\/fr\/a-propos\/","title":{"rendered":"\u00c0 propos"},"content":{"rendered":"<h2>Introduction<\/h2>\n<h6><span style=\"color: #d1ae78;\">\u201cL\u2019art n\u2019est pas le reflet de la r\u00e9alit\u00e9, c\u2019est la r\u00e9alit\u00e9 d\u2019une r\u00e9flexion\u201d (Godard)<\/span><\/h6>\n<p>&nbsp;<\/p>\n<h2><span style=\"color: #d1ae78;\">Artiste contemporain international<\/span><\/h2>\n<div data-canvas-width=\"586.0653333333332\">\n<p>N\u00e9erlandaise Carry van Delft est reconnue pour ses peintures qui capturent les effets fugaces de la lumi\u00e8re, des couleurs et des humeurs changeantes de la nature.<\/p>\n<p>Elle a grandi dans une famille o\u00f9 elle a \u00e9t\u00e9 initi\u00e9e tr\u00e8s jeune \u00e0 la musique classique, \u00e0 la photographie et \u00e0 l&rsquo;art\u00a0ce qui a pos\u00e9 les fondements de son travail artistique ult\u00e9rieur.<\/p>\n<p>Forte de sa formation en peinture, photographie, histoire de l&rsquo;art et musique classique, elle cr\u00e9e un jeu subtil entre \u00e9motion et r\u00e9cit visuel, donnant naissance \u00e0 une \u0153uvre riche et vari\u00e9e.<\/p>\n<p>Dans son \u0153uvre, elle explore la tension entre tranquillit\u00e9 et abondance. La nature lui sert de miroir et de source de m\u00e9moire, capturant la s\u00e9r\u00e9nit\u00e9 et l&rsquo;optimisme et symbolisant sa puissance. Sa conception de l\u2019imp\u00e9rissable est l\u2019expression de sa propre qu\u00eate d\u2019une nouvelle exp\u00e9rience de la r\u00e9alit\u00e9.<\/p>\n<p>Alors que ses premi\u00e8res \u0153uvres \u00e9taient purement abstraites, elle privil\u00e9gie d\u00e9sormais un jeu entre abstraction et figuration. Ce changement est une d\u00e9marche d\u00e9lib\u00e9r\u00e9e visant \u00e0 enrichir la superposition de ses \u0153uvres.<\/p>\n<p><span class=\"jCAhz ChMk0b\"><span class=\"ryNqvb\">Elle travaille alternativement aux Pays-Bas et au c\u0153ur de la France (Limousin).<\/span><\/span> <span class=\"jCAhz ChMk0b\"><span class=\"ryNqvb\">Cette r\u00e9gion romantique, avec ses collines vallonn\u00e9es, ses champs de tournesols et ses lacs, suscite l&rsquo;enthousiasme et fut autrefois une source d&rsquo;inspiration majeure pour les artistes, compositeurs et \u00e9crivains (Monet, Guillaumin, Chopin, G. Sand).<\/span><\/span><\/p>\n<h2><span style=\"color: #d1ae78;\">Expositions (Int.)\u00a0<\/span><\/h2>\n<p>Depuis 2003 son travail a \u00e9t\u00e9 expos\u00e9 dans divers pays, lors de foires d&rsquo;art, dans des galeries, des mus\u00e9es r\u00e9gionaux et divers lieux (historiques), notamment aux Pays-Bas, en Belgique, en France, aux \u00c9tats-Unis, en Hongrie, en Allemagne et en Italie. Ses \u0153uvres figurent dans les collections d&rsquo;entreprises et d&rsquo;amateurs d&rsquo;art, tant en Europe qu&rsquo;\u00e0 l&rsquo;\u00e9tranger.<\/p>\n<\/div>\n<blockquote><p><span style=\"color: #d1ae78;\"><em>Vision de l&rsquo;Artiste<br \/>\n<\/em><\/span><span class=\"jCAhz ChMk0b\"><span class=\"ryNqvb\">\u00ab\u00a0La nature et l&rsquo;\u00e9merveillement qu&rsquo;elle suscite en moi sont pour moi une source d&rsquo;inspiration presque philosophique. Je m&rsquo;int\u00e9resse \u00e0 l&rsquo;\u00e9xperience visuelle, o\u00f9 la couleur, la lumi\u00e8re et l&rsquo;atmosph\u00e8re jouent un r\u00f4le essentiel. Ce sentiment profond qui nous saisit face \u00e0 un spectacle naturel impressionnant ou grandiose me permet de traduire ces exp\u00e9riences en images concr\u00e8tes et abstraites. Les artistes des p\u00e9riodes romantique et impressionniste m&rsquo;\u00e9meuvent et m&rsquo;inspirent&#8230;..\u00a0\u00bb<\/span><\/span><\/p><\/blockquote>\n<p><a href=\"https:\/\/carryvandelft.nl\/wp-content\/uploads\/2025\/01\/BOK-logo-2-300x289.webp\"><img loading=\"lazy\" decoding=\"async\" class=\"alignleft wp-image-25740\" src=\"https:\/\/carryvandelft.nl\/wp-content\/uploads\/2025\/01\/BOK-logo-2-300x289.webp\" alt=\"\" width=\"90\" height=\"87\" srcset=\"https:\/\/carryvandelft.nl\/wp-content\/uploads\/2025\/01\/BOK-logo-2-300x289.webp 300w, https:\/\/carryvandelft.nl\/wp-content\/uploads\/2025\/01\/BOK-logo-2.webp 349w\" sizes=\"auto, (max-width: 90px) 100vw, 90px\" \/><\/a><\/p>\n<p>&nbsp;<\/p>\n<p>&nbsp;<\/p>\n<p>Artiste Professionelle depuis 2003.<br \/>\nMembre\/Enregistr\u00e9 :<br \/>\nBOK (syndicat des artistes n\u00e9erlandais)<br \/>\nl&rsquo;Institut N\u00e9erlandais d&rsquo;Histoire de l&rsquo;Art<a href=\"https:\/\/research.rkd.nl\/nl\/detail\/https%3A%2f%2fdata.rkd.nl%2fartists%2f500964\"> R.K.D.<\/a> ( La Haye)<br \/>\nChambre de Commerce<\/p>\n<h3>Ateliers<\/h3>\n<p>A Leidschendam (Pays Bas) et a Nouzerines, Creuse, Nouvelle Aquitaines.<\/p>\n<h3><span class=\"VIiyi\" lang=\"fr\"><span class=\"JLqJ4b ChMk0b\" data-language-for-alternatives=\"fr\" data-language-to-translate-into=\"nl\" data-phrase-index=\"0\">Acheter de l&rsquo;art<\/span><\/span><\/h3>\n<p><span class=\"VIiyi\" lang=\"fr\"><span class=\"JLqJ4b ChMk0b\" data-language-for-alternatives=\"fr\" data-language-to-translate-into=\"nl\" data-phrase-index=\"2\">Voir la page &lsquo;Contact&rsquo;.<\/span><\/span><\/p>\n<h2>Presse et M\u00e9dias<\/h2>\n<ul>\n<li><a href=\"https:\/\/carryvandelft.nl\/wp-content\/uploads\/2025\/10\/recensie-SCK-voor-weblink.jpg\">Cultuurhoek<\/a> Driebergen NL 2025<\/li>\n<li>Exposition<a href=\"https:\/\/nijmegen.nieuws.nl\/nieuws\/expositie-tales-of-nature-bij-kasteel-hernen\"> &lsquo;Tales of Nature&rsquo;<\/a> Mus\u00e9e-Chateau Hernen &#8211; Nijmegen journal<\/li>\n<li>Journal,<a href=\"https:\/\/www.lamontagne.fr\/boussac-23600\/actualites\/la-nature-sublimee-de-carry-van-delft_14166388\/\"> La Montagne<\/a>, Boussac Galerie France. Exposition 2022<\/li>\n<li>Journal\u00a0De Vlaardinger\u00a0 Mai 2019<\/li>\n<li>Journal Via Gennep september 2018 exposition Mus\u00e9e het Petershuis<\/li>\n<li><a href=\"https:\/\/www.carryvandelft.nl\/wp-content\/uploads\/2018\/08\/Affiche-Carry-van-Delft-1-3-in-jpeg-2.jpg\">Mus\u00e9e Het Petershuis<\/a> <strong>SOLO<\/strong> exp. (28 peintures)\u00a0 .Gennep Pays Bas<\/li>\n<li>Journal De Limburger, Sept. 2018<\/li>\n<li>Article Petershuis Mus\u00e9e exposition \u2013 settembre 2018<\/li>\n<li>Critique\u00a0Lida Bonnema historien d\u2019art Juin 2018<\/li>\n<li>Journal de l&rsquo;Art Neerlandais disponibles dans les mus\u00e9es\/institutions artistiques aux Pays-Bas.<\/li>\n<li>PeperArt Art Expo. Affiches Publicitaire a Anvers.<\/li>\n<li>Magazine \u2018Maison en France\u20182017<\/li>\n<li>Atelier (en route) Magazine expositions\u00a0 Sept. 2017<\/li>\n<li>Velvenoir 2017 Salzburg\u2013Serious Pursuits Art History reimagined -Curated by Alexander Collins<\/li>\n<li>Passion ne se retire jamais\u00a0 <a href=\"https:\/\/passiepensioneertnooit2016.wordpress.com\/2017\/01\/29\/passie-pensioneert-nooit-voor-carry-van-delft\/\">i<\/a>nterview (neerlandais) 2017<\/li>\n<li>Velvenoir Art Magazine Salzburg L\u2019Autriche 2016<\/li>\n<li>The Bugle\u201d Aout 2016 ( journal anglais) exposition \u201cFloribunda\u201d la Galerie Boussac, France<\/li>\n<li>La Montagne, journal France centre, Aout 2016, exposition\u00a0<a href=\"http:\/\/www.lamontagne.fr\/limousin\/actualite\/departement\/creuse\/creuse-local\/2016\/08\/09\/floribunda-une-exposition-internationale-consacree-aux-fleurs_12029344.html\">Floribunda<\/a><\/li>\n<li>Hebdomadaire \u201cEcho du Berry\u201d France, Exposition \u2018Floribunda\u201d la Galerie Boussac Aout 2016<\/li>\n<li>\u00a0Magazin \u201cMaison en France\u201d-edition Mars 2015 \u2013 participation Festival Coeur de France<\/li>\n<li>\u00a0Hebdomadaire Vlaardingen \u2013 entretien g\u00e9n\u00e9ral\/Art Square Amsterdam \u2013 edition janvier 6, 2016<\/li>\n<li>Journal general NL titre \u201cCarry van Delft, n\u00e9 artiste\u201d.Berliner Liste Septembre 9, 2014<\/li>\n<li>Site Carry van Delft authentifi\u00e9 comme \u2018patrimoine numerique\u2019 par La Biblio.Royale de La Haye<\/li>\n<li>BBK Krant (Association profession Artistes d\u2019Art) 2012.<\/li>\n<li>Art Magazine \u2018Het Palet\u2019-\u00a0 Article 4 pages \u201cCarry van Delft Po\u00ebzie en Couleur\u201d, Edition 2011\/2012.<\/li>\n<li>\u201cIl Giornale della Fiera.<\/li>\n<li>Journal General NL Nov. 22, 2011-Art in Italy.<\/li>\n<li><a href=\"https:\/\/www.youtube.com\/watch?v=mQt9Ytj--lQ\">Biennale de Florence<\/a>\u00a0Italy 2011<\/li>\n<li>Registration Bob Verbiest Prix de Culture 2011 \u2013 Aeolus Moulin Projet<\/li>\n<li>Provincie Zuid Holland \u2013 petit livre \u2018passport du moulins en hollande\u20192011<\/li>\n<li>Zuid Holland Office du Tourisme \u2013 Projet du moulin.<\/li>\n<li>Livre d\u2019Art de Hollande 2011<\/li>\n<li>\u00a0\u2018Noord Hollands Dagblad\u2019 \u2013 20\/9\/2010 recension par Lida Bonnema, historienne de l\u2019art<\/li>\n<li>Journal General NL &#8211; 19 augustus 2010 \u2013 Nomination Jour Nationale D\u2019Art A\u2019dam.<\/li>\n<li>Journal General NL- 14 juli 2010- Aeolus Molen Vlaardingen \u2013 Art sur ailes du moulin<\/li>\n<li>Journal General NL\u2013 article \u201cEven Vragen Aan\u2019 \u2013 11 mei 2010<\/li>\n<li>Stichting Kunstweek \u2013 Livre \u201cL\u2019Art en Hollande\u2019.<\/li>\n<li>Galleria de Marchi Bologna, Italie, livre \u201cLittle Treasures \u201cMei 2010.<\/li>\n<li>Culture Inside\u2019 publication livre \u2018Urban Legends \u2018(edition de Blurb.Com)<\/li>\n<li>Livre \u2018Contemp. Art Exhibition 20 artistes selection\u00e9e pour \u2018Opera Gallery Boedapest 2009\u2019<\/li>\n<\/ul>\n<h3>Site Carry van Delft authentifi\u00e9 comme \u2018patrimoine numerique\u2019par La Biblioth\u00e8que Royale<\/h3>\n<h3><img loading=\"lazy\" decoding=\"async\" class=\"alignnone wp-image-16821\" src=\"https:\/\/carryvandelft.nl\/wp-content\/uploads\/2021\/02\/kb-logo-300x131.jpg\" alt=\"\" width=\"195\" height=\"85\" srcset=\"https:\/\/carryvandelft.nl\/wp-content\/uploads\/2021\/02\/kb-logo-300x131.jpg 300w, https:\/\/carryvandelft.nl\/wp-content\/uploads\/2021\/02\/kb-logo.jpg 507w\" sizes=\"auto, (max-width: 195px) 100vw, 195px\" \/><\/h3>\n<blockquote><p><span style=\"color: #cecece;\">La Biblioth\u00e8que Royale de La Haye a authentifi\u00e9 le site web de Carry van Delft comme \u2018patrimoine num\u00e9rique n\u00e9erlandais\u2019. Ce site a \u00e9t\u00e9 archiv\u00e9 tous les mois et sera stock\u00e9 pour le long terme. Ceci est une reconnaissance pour le contenu et la qualit\u00e9 de ce site et aussi une belle id\u00e9e que les gens seront encore en mesure de consulter ce site dans une centaine d\u2019ann\u00e9es. La Biblioth\u00e8que Royale est juridiquement responsable de la conservation (\u00e9lectronique) pour les g\u00e9n\u00e9rations futures. Ils archivent les sites web qui contribuent \u00e0 donner une image repr\u00e9sentative de la culture n\u00e9erlandaise, de l\u2019histoire et de la soci\u00e9t\u00e9 sur Internet.<\/span><\/p><\/blockquote>\n<p>&nbsp;<\/p>\n","protected":false},"excerpt":{"rendered":"<p>Introduction \u201cL\u2019art n\u2019est pas le reflet de la r\u00e9alit\u00e9, c\u2019est la r\u00e9alit\u00e9 d\u2019une r\u00e9flexion\u201d (Godard) &nbsp; Artiste contemporain international N\u00e9erlandaise Carry van Delft est reconnue pour ses peintures qui capturent les effets fugaces de la lumi\u00e8re, des couleurs et des humeurs changeantes de la nature. Elle a grandi dans une famille o\u00f9 elle a \u00e9t\u00e9 [&hellip;]<\/p>\n","protected":false},"author":2,"featured_media":0,"parent":0,"menu_order":0,"comment_status":"closed","ping_status":"closed","template":"","meta":{"_acf_changed":false,"site-sidebar-layout":"default","site-content-layout":"default","ast-site-content-layout":"default","site-content-style":"default","site-sidebar-style":"default","ast-global-header-display":"","ast-banner-title-visibility":"","ast-main-header-display":"disabled","ast-hfb-above-header-display":"","ast-hfb-below-header-display":"","ast-hfb-mobile-header-display":"","site-post-title":"disabled","ast-breadcrumbs-content":"","ast-featured-img":"","footer-sml-layout":"","ast-disable-related-posts":"","theme-transparent-header-meta":"default","adv-header-id-meta":"","stick-header-meta":"","header-above-stick-meta":"","header-main-stick-meta":"","header-below-stick-meta":"","astra-migrate-meta-layouts":"set","ast-page-background-enabled":"default","ast-page-background-meta":{"desktop":{"background-color":"","background-image":"","background-repeat":"repeat","background-position":"center center","background-size":"auto","background-attachment":"scroll","background-type":"","background-media":"","overlay-type":"","overlay-color":"","overlay-opacity":"","overlay-gradient":""},"tablet":{"background-color":"","background-image":"","background-repeat":"repeat","background-position":"center center","background-size":"auto","background-attachment":"scroll","background-type":"","background-media":"","overlay-type":"","overlay-color":"","overlay-opacity":"","overlay-gradient":""},"mobile":{"background-color":"","background-image":"","background-repeat":"repeat","background-position":"center center","background-size":"auto","background-attachment":"scroll","background-type":"","background-media":"","overlay-type":"","overlay-color":"","overlay-opacity":"","overlay-gradient":""}},"ast-content-background-meta":{"desktop":{"background-color":"var(--ast-global-color-5)","background-image":"","background-repeat":"repeat","background-position":"center center","background-size":"auto","background-attachment":"scroll","background-type":"","background-media":"","overlay-type":"","overlay-color":"","overlay-opacity":"","overlay-gradient":""},"tablet":{"background-color":"var(--ast-global-color-5)","background-image":"","background-repeat":"repeat","background-position":"center center","background-size":"auto","background-attachment":"scroll","background-type":"","background-media":"","overlay-type":"","overlay-color":"","overlay-opacity":"","overlay-gradient":""},"mobile":{"background-color":"var(--ast-global-color-5)","background-image":"","background-repeat":"repeat","background-position":"center center","background-size":"auto","background-attachment":"scroll","background-type":"","background-media":"","overlay-type":"","overlay-color":"","overlay-opacity":"","overlay-gradient":""}},"footnotes":""},"class_list":["post-3662","page","type-page","status-publish","hentry"],"acf":[],"aioseo_notices":[],"_links":{"self":[{"href":"https:\/\/carryvandelft.nl\/fr\/wp-json\/wp\/v2\/pages\/3662","targetHints":{"allow":["GET"]}}],"collection":[{"href":"https:\/\/carryvandelft.nl\/fr\/wp-json\/wp\/v2\/pages"}],"about":[{"href":"https:\/\/carryvandelft.nl\/fr\/wp-json\/wp\/v2\/types\/page"}],"author":[{"embeddable":true,"href":"https:\/\/carryvandelft.nl\/fr\/wp-json\/wp\/v2\/users\/2"}],"replies":[{"embeddable":true,"href":"https:\/\/carryvandelft.nl\/fr\/wp-json\/wp\/v2\/comments?post=3662"}],"version-history":[{"count":231,"href":"https:\/\/carryvandelft.nl\/fr\/wp-json\/wp\/v2\/pages\/3662\/revisions"}],"predecessor-version":[{"id":30105,"href":"https:\/\/carryvandelft.nl\/fr\/wp-json\/wp\/v2\/pages\/3662\/revisions\/30105"}],"wp:attachment":[{"href":"https:\/\/carryvandelft.nl\/fr\/wp-json\/wp\/v2\/media?parent=3662"}],"curies":[{"name":"wp","href":"https:\/\/api.w.org\/{rel}","templated":true}]}}